{"id":1454,"date":"2018-06-25T05:32:59","date_gmt":"2018-06-25T05:32:59","guid":{"rendered":"http:\/\/sw-themes.com\/porto_dummy\/?page_id=1454"},"modified":"2023-01-17T18:16:59","modified_gmt":"2023-01-17T18:16:59","slug":"kontakt","status":"publish","type":"page","link":"https:\/\/www.tabletoporder.com\/shop\/kontakt\/","title":{"rendered":"Kontakt"},"content":{"rendered":"<p>[vc_row css=&#8221;.vc_custom_1578503351518{margin-left: 130px !important;}&#8221;][vc_column width=&#8221;1\/2&#8243;][vc_custom_heading text=&#8221;<strong>SKLEP STACJONARNY WE WROC\u0141AWIU<\/strong>&#8221; font_container=&#8221;tag:h4|text_align:left&#8221; use_theme_fonts=&#8221;yes&#8221; skin=&#8221;primary&#8221; css=&#8221;.vc_custom_1667694627102{margin-bottom: 20px !important;}&#8221;]<div class=\"porto-sicon-box style_1 default-icon\"><div class=\"porto-sicon-default\"><div id=\"porto-icon-88810334069f19abbc49da\" class=\"porto-just-icon-wrapper\" style=\"text-align:center;\">\n<div class=\"porto-icon circle \"  style=\"color:#ffffff;background:#ad972e;font-size:14px;display:inline-block;\">\n\t<i class=\"fas fa-map-marker-alt\"><\/i>\n<\/div><\/div><\/div><div class=\"porto-sicon-header\" ><h3 class=\"porto-sicon-title\" style=\"font-size:14px;color:#777777;\"><strong>Tabletop Order<\/strong><\/h3><p style=\"font-size:14px;\">al. Kasztanowa 3A-5, lok.-6<br \/>\n53-125 Wroc\u0142aw<\/p><\/div> <!-- header --><\/div> <!-- porto-sicon-box --><div class=\"porto-sicon-box style_1 default-icon\"><div class=\"porto-sicon-default\"><div id=\"porto-icon-70202340369f19abbc4db0\" class=\"porto-just-icon-wrapper\" style=\"text-align:center;\">\n<div class=\"porto-icon circle \"  style=\"color:#ffffff;background:#ad972e;font-size:14px;display:inline-block;\">\n\t<i class=\"fas fa-phone\"><\/i>\n<\/div><\/div><\/div><div class=\"porto-sicon-header\" ><h3 class=\"porto-sicon-title\" style=\"font-size:14px;color:#777777;\"><strong>Telefon:<\/strong> +48 451 055 104<\/h3><\/div> <!-- header --><\/div> <!-- porto-sicon-box --><div class=\"porto-sicon-box style_1 default-icon\"><div class=\"porto-sicon-default\"><div id=\"porto-icon-119711506569f19abbc5116\" class=\"porto-just-icon-wrapper\" style=\"text-align:center;\">\n<div class=\"porto-icon circle \"  style=\"color:#ffffff;background:#ad972e;font-size:14px;display:inline-block;\">\n\t<i class=\"fas fa-envelope\"><\/i>\n<\/div><\/div><\/div><div class=\"porto-sicon-header\" ><h3 class=\"porto-sicon-title\" style=\"font-size:14px;color:#777777;\"><strong>Email:<\/strong> hello@tabletoporder.com<\/h3><\/div> <!-- header --><\/div> <!-- porto-sicon-box -->[\/vc_column][vc_column width=&#8221;1\/2&#8243;][vc_custom_heading text=&#8221;<strong>DANE REJESTROWE FIRMY<\/strong>&#8221; font_container=&#8221;tag:h4|text_align:left&#8221; use_theme_fonts=&#8221;yes&#8221; skin=&#8221;primary&#8221; css=&#8221;.vc_custom_1583863116481{margin-bottom: 20px !important;}&#8221;]<div class=\"porto-sicon-box style_1 default-icon\"><div class=\"porto-sicon-header\" ><h3 class=\"porto-sicon-title\" style=\"font-size:14px;color:#777777;\"><strong>Format7 Bartosz Czernik<\/strong><\/h3><p style=\"font-size:14px;\">ul. Powsta\u0144c\u00f3w \u015al\u0105skich 162\/32<br \/>\n53-139 Wroc\u0142aw<br \/>\nNIP: 8992686274<\/p><\/div> <!-- header --><\/div> <!-- porto-sicon-box --><div class=\"porto-sicon-box style_1 default-icon\"><div class=\"porto-sicon-header\" ><h3 class=\"porto-sicon-title\" style=\"font-size:14px;color:#777777;\"><strong>PKO BP<\/strong><\/h3><p style=\"font-size:14px;\">10 1020 4900 0000 8702 3509 7673<\/p><\/div> <!-- header --><\/div> <!-- porto-sicon-box -->[\/vc_column][\/vc_row][vc_row wrap_container=&#8221;yes&#8221; el_class=&#8221;m-b-xl&#8221; css=&#8221;.vc_custom_1578503379214{margin-top: 30px !important;}&#8221;][vc_column][vc_custom_heading text=&#8221;<strong>OBOWI\u0104ZEK INFORMACYJNY RODO<\/strong>&#8221; font_container=&#8221;tag:h4|text_align:left&#8221; use_theme_fonts=&#8221;yes&#8221; skin=&#8221;primary&#8221; el_class=&#8221;m-t&#8221;][vc_column_text]Informujemy, \u017ce Administratorem Pa\u0144stwa danych osobowych jest Format7 Bartosz Czernik z siedzib\u0105 we Wroc\u0142awiu ul. Powsta\u0144c\u00f3w \u015al\u0105skich 162\/32, 53-139 Wroc\u0142aw tel. kontaktowy: 602 833 224 Dane przetwarzane s\u0105 na podstawie art. 6 ust. 1 lit. a, b lub f og\u00f3lnego rozporz\u0105dzenia o ochronie danych osobowych z 27 kwietnia 2016r. w szczeg\u00f3lno\u015bci w celu przesy\u0142ania informacji handlowych, bezpo\u015bredniego kontaktu z klientem\/pracownikiem oraz wykonania \u015bwiadczonych przez Administratora us\u0142ug. Administrator nie udost\u0119pnia danych ani nie przekazuje danych do pa\u0144stwa trzeciego\/organizacji mi\u0119dzynarodowej. Dane osobowe b\u0119d\u0105 przechowywane w czasie niezb\u0119dnym do zrealizowania celu, maksymalnie przez okres 10 lat. Osobie, kt\u00f3rej dane dotycz\u0105 przys\u0142uguje prawo dost\u0119pu do swoich danych, ich poprawiania, sprostowania, usuni\u0119cia, ograniczenia przetwarzania, przeniesienia oraz wniesienia skargi do organu nadzorczego. Dane nie b\u0119d\u0105 podlega\u0107 zautomatyzowanemu przetwarzaniu, w tym profilowaniu. Podanie danych jest dobrowolne, ale niezb\u0119dne do realizacji wskazanego wy\u017cej celu. Dane s\u0105 powierzane w niezb\u0119dnym zakresie takim podmiotom jak m. in. kancelaria notarialna, kancelaria prawna, informatyk, firma obs\u0142uguj\u0105ca mailing oraz organom pa\u0144stwowym zgodnie z obowi\u0105zuj\u0105cymi przepisami.[\/vc_column_text][vc_separator color=&#8221;custom&#8221; gradient=&#8221;yes&#8221;][\/vc_column][\/vc_row]<\/p>\n","protected":false},"excerpt":{"rendered":"<p>[vc_row css=&#8221;.vc_custom_1578503351518{margin-left: 130px !important;}&#8221;][vc_column width=&#8221;1\/2&#8243;][vc_custom_heading text=&#8221;SKLEP STACJONARNY WE WROC\u0141AWIU&#8221; font_container=&#8221;tag:h4|text_align:left&#8221; use_theme_fonts=&#8221;yes&#8221; skin=&#8221;primary&#8221; css=&#8221;.vc_custom_1667694627102{margin-bottom: 20px !important;}&#8221;][\/vc_column][vc_column width=&#8221;1\/2&#8243;][vc_custom_heading text=&#8221;DANE REJESTROWE FIRMY&#8221; font_container=&#8221;tag:h4|text_align:left&#8221; use_theme_fonts=&#8221;yes&#8221; skin=&#8221;primary&#8221; css=&#8221;.vc_custom_1583863116481{margin-bottom: 20px !important;}&#8221;][\/vc_column][\/vc_row][vc_row wrap_container=&#8221;yes&#8221; el_class=&#8221;m-b-xl&#8221; css=&#8221;.vc_custom_1578503379214{margin-top: 30px !important;}&#8221;][vc_column][vc_custom_heading text=&#8221;OBOWI\u0104ZEK INFORMACYJNY RODO&#8221; font_container=&#8221;tag:h4|text_align:left&#8221; use_theme_fonts=&#8221;yes&#8221; skin=&#8221;primary&#8221; el_class=&#8221;m-t&#8221;][vc_column_text]Informujemy, \u017ce Administratorem Pa\u0144stwa danych osobowych jest Format7 Bartosz Czernik z siedzib\u0105 we Wroc\u0142awiu ul. Powsta\u0144c\u00f3w \u015al\u0105skich 162\/32, 53-139 [&hellip;]<\/p>\n","protected":false},"author":1,"featured_media":0,"parent":0,"menu_order":0,"comment_status":"closed","ping_status":"closed","template":"","meta":[],"_links":{"self":[{"href":"https:\/\/www.tabletoporder.com\/shop\/wp-json\/wp\/v2\/pages\/1454"}],"collection":[{"href":"https:\/\/www.tabletoporder.com\/shop\/wp-json\/wp\/v2\/pages"}],"about":[{"href":"https:\/\/www.tabletoporder.com\/shop\/wp-json\/wp\/v2\/types\/page"}],"author":[{"embeddable":true,"href":"https:\/\/www.tabletoporder.com\/shop\/wp-json\/wp\/v2\/users\/1"}],"replies":[{"embeddable":true,"href":"https:\/\/www.tabletoporder.com\/shop\/wp-json\/wp\/v2\/comments?post=1454"}],"version-history":[{"count":6,"href":"https:\/\/www.tabletoporder.com\/shop\/wp-json\/wp\/v2\/pages\/1454\/revisions"}],"predecessor-version":[{"id":206371,"href":"https:\/\/www.tabletoporder.com\/shop\/wp-json\/wp\/v2\/pages\/1454\/revisions\/206371"}],"wp:attachment":[{"href":"https:\/\/www.tabletoporder.com\/shop\/wp-json\/wp\/v2\/media?parent=1454"}],"curies":[{"name":"wp","href":"https:\/\/api.w.org\/{rel}","templated":true}]}}